{"id":339,"date":"2023-01-23T19:36:33","date_gmt":"2023-01-23T19:36:33","guid":{"rendered":"https:\/\/hgs-hannover.de\/?page_id=339"},"modified":"2023-01-25T18:01:59","modified_gmt":"2023-01-25T18:01:59","slug":"allgemeine-geschaeftsbedingungen-haftungsausschluss","status":"publish","type":"page","link":"https:\/\/hgs-hannover.de\/?page_id=339","title":{"rendered":"Allgemeine Gesch\u00e4ftsbedingungen &amp; Haftungsausschluss"},"content":{"rendered":"\n<p class=\"has-medium-font-size\"><strong>Allgemeine Gesch\u00e4ftsbedingungen<\/strong><\/p>\n\n\n\n<p class=\"has-small-font-size\">I. Allgemeines<\/p>\n\n\n\n<p class=\"has-small-font-size\">Unsere Lieferungen und die Vereinbarungen zwischen uns und dem Auftraggeber, die Ausf\u00fchrungen von Arbeiten an Elektro- und Haushaltsger\u00e4ten sowie ihren Teilen erfolgen nur zu den nachfolgenden AGB. Abweichende Vereinbarungen bed\u00fcrfen unserer ausdr\u00fccklichen Zustimmung.<\/p>\n\n\n\n<p class=\"has-small-font-size\">Durch \u00c4nderungen oder Unwirksamkeit einzelner Bedingungen wird die Wirksamkeit der \u00fcbrigen nicht ber\u00fchrt.<\/p>\n\n\n\n<p class=\"has-small-font-size\">II. Preise<\/p>\n\n\n\n<p class=\"has-small-font-size\">1. Kostenvoranschl\u00e4ge sind nur dann verbindlich, wenn Sie von uns schriftlich abgegeben und als verbindlich bezeichnet werden. F\u00fcr einen verlangten Kostenvoranschlag ohne anschlie\u00dfende Reparatur wird eine Pauschale in Rechnung gestellt. Der \u00fcberpr\u00fcfte Gegenstand braucht nicht mehr in den Ursprungszustand versetzt zu werden, wenn dies technisch und wirtschaftlich nicht vertretbar ist.<\/p>\n\n\n\n<p class=\"has-small-font-size\">2. Wird ein Reparaturauftrag ohne eindeutige Fehlerangabe erteilt, so k\u00f6nnen wir unter Ber\u00fccksichtigung des Verkehrswertes und der Betriebssicherheit des Reparaturgegenstandes nach R\u00fccksprache (Vereinbarung) alle Reparaturen durchf\u00fchren, die wir f\u00fcr erforderlich halten.<\/p>\n\n\n\n<p class=\"has-small-font-size\">3. Werden bei eindeutiger Fehlerangabe w\u00e4hrend der Reparatur weitere M\u00e4ngel festgestellt, so d\u00fcrfen wir diese ohne besonderen Auftrag beseitigen, wenn dies notwendig und die Kosten im Verh\u00e4ltnis zu den Kosten des Hauptauftrages geringf\u00fcgig sind. Andernfalls ist das Einverst\u00e4ndnis des Auftraggebers erforderlich.<\/p>\n\n\n\n<p class=\"has-small-font-size\">4. Die Durchf\u00fchrung der Arbeiten wird nach spezifizierter Aufgliederung und nach den im Betrieb ermittelten Arbeitswerten abgerechnet. Beanstandungen von Rechnungen m\u00fcssen sofort und unverz\u00fcglich nach Aush\u00e4ndigung erfolgen.<\/p>\n\n\n\n<p class=\"has-small-font-size\">5. Trat der beanstandete Fehler bei der \u00dcberpr\u00fcfung nicht auf oder war der Auftraggeber zum vereinbarten Termin nicht anwesend, so wird dem Auftraggeber die Anfahrtspauschale in Rechnung gestellt.<\/p>\n\n\n\n<p class=\"has-small-font-size\">6. Unsere Rechnungen sind grunds\u00e4tzlich nach Erledigung einer Reparatur in bar sofort ohne Abzug an den Techniker zu entrichten. Andere Zahlungsbedingungen bed\u00fcrfen der ausdr\u00fccklichen schriftlichen Vereinbarung. \u00d6ffentliche Einrichtungen und Vollkaufleute m\u00fcssen innerhalb von zehn Tagen ohne Abzug \u00fcberweisen. Wird diese Frist nicht eingehalten, ist der Auftraggeber verpflichtet, Verzugs- und Mahnkosten in H\u00f6he von \u20ac 5,- f\u00fcr jede ergangene Mahnung sowie bank\u00fcbliche Verzugszinsen ab F\u00e4lligkeit zu zahlen. Bei Einzugserm\u00e4chtigung gehen im Falle einer R\u00fccklastschrift die Geb\u00fchren zu Lasten des Auftraggebers.<br><br>7. Alle Ersatzteile bleiben bis zur endg\u00fcltigen Bezahlung Eigentum der Firma HGS Hannover.<\/p>\n\n\n\n<p class=\"has-small-font-size\">8. Dem Auftraggeber genannte Besuchstermine sind &#8211; auch wenn eine Uhrzeit genannt werden sollte &#8211; geplante Termine und daher unverbindlich in Aussicht gestellt. Das ergibt sich aus den Besonderheiten des Au\u00dfenreparaturgesch\u00e4ftes, insbesondere den Schwierigkeiten der Vorausberechnung von Reparaturzeiten und den Risiken der heutigen Verkehrsdichte.<\/p>\n\n\n\n<p class=\"has-small-font-size\">III. Gew\u00e4hrleistung<\/p>\n\n\n\n<p class=\"has-small-font-size\">1. Die Gew\u00e4hrleistung f\u00fcr alle ausgef\u00fchrten Reparaturarbeiten sowie f\u00fcr die neu eingebauten Ersatzteile betr\u00e4gt 6 Monate. Die Gew\u00e4hrleistungsfrist beginnt mit der Erledigung der Reparatur. Die Beseitigung von M\u00e4ngeln erfolgt durch kostenlose Nachbesserung.<\/p>\n\n\n\n<p class=\"has-small-font-size\">2. Bei gewerblicher oder gleichzusetzender Nutzung betr\u00e4gt die Gew\u00e4hrleistung 3 Monate.<\/p>\n\n\n\n<p class=\"has-small-font-size\">3. Die Gew\u00e4hrleistung bezieht sich nur auf die im Rahmen der Reparatur behobenen Fehler bzw. erneuerten Ersatzteile, nicht auf das Gesamtger\u00e4t.<\/p>\n\n\n\n<p class=\"has-small-font-size\">4. Die Ersatzteilgarantie bezieht sich nur auf die Ersatzteile, die von uns geliefert und eingebaut wurden und betr\u00e4gt 6 Monate.<\/p>\n\n\n\n<p class=\"has-small-font-size\">5. Das Ger\u00e4t muss frei zug\u00e4nglich und reparaturf\u00e4hig zur Verf\u00fcgung gestellt werden.<\/p>\n\n\n\n<p class=\"has-small-font-size\">6. Ausgeschlossen von der Gew\u00e4hrleistung ist Eigenverschulden.<\/p>\n\n\n\n<p class=\"has-small-font-size\">7. Nat\u00fcrlicher Verschlei\u00df ist von der Gew\u00e4hrleistung ausgeschlossen.<\/p>\n\n\n\n<p class=\"has-small-font-size\">8. Eine Nachbesserung begr\u00fcndet keinen Neubeginn der Gew\u00e4hrleistungsfrist.<\/p>\n\n\n\n<p class=\"has-small-font-size\">9. Sollte es nach unserer Einsch\u00e4tzung erforderlich sein das Ger\u00e4t zur Reklamationsbehebung mit in die Werkstatt zu nehmen, so ist uns dieses zu gestatten, ohne dass sich hieraus weitere Verpflichtungen ergeben.<\/p>\n\n\n\n<p class=\"has-small-font-size\">10. Sollte es f\u00fcr uns nicht wirtschaftlich sein oder mit unzumutbarem Aufwand verbunden sein eine Nachbesserung zu erbringen, so ist uns auch die M\u00f6glichkeit gegeben, hiervon durch Kostenerstattung, jedoch maximal in H\u00f6he der Ursprungsrechnung, Abstand zu nehmen.<\/p>\n\n\n\n<p class=\"has-small-font-size\">IV. Ersatzteile<\/p>\n\n\n\n<p class=\"has-small-font-size\">1. Ersatzteile sind grunds\u00e4tzlich vom Umtausch ausgeschlossen. Folgende Ausnahmen gelten: Falschlieferung, Neuteiledefekt (nur unter der Voraussetzung, dass diese Ersatzteile von einem Fachbetrieb nachweislich eingebaut worden sind).<\/p>\n\n\n\n<p class=\"has-small-font-size\">2. Es gelten immer die Preise, die zum Zeitpunkt der Lieferung g\u00fcltig sind.<\/p>\n\n\n\n<p class=\"has-small-font-size\">3. Die Ersatzteile m\u00fcssen gem\u00e4\u00df der allgemeinen g\u00fcltigen Vorschrift eingebaut und genutzt werden (keine gewerbliche Nutzung).<\/p>\n\n\n\n<p class=\"has-small-font-size\">V. Haftung<\/p>\n\n\n\n<p class=\"has-small-font-size\">1.Wir haften nur f\u00fcr Sch\u00e4den, die von uns oder einem unserer Erf\u00fcllungsgehilfen vors\u00e4tzlich oder fahrl\u00e4ssig verursacht wurden. F\u00fcr von uns nicht vorhersehbare oder im Verantwortungsbereich des Auftraggebers liegende Sch\u00e4den haften wir nicht. Schadensersatzanspr\u00fcche des Auftraggebers, gleich aus welchem Rechtsgrund, sind ausgeschlossen.<\/p>\n\n\n\n<p class=\"has-small-font-size\">2. Wir haften nicht f\u00fcr etwaige Anspr\u00fcche, die durch Lieferverzug entstanden sind (z.B. Nutzungsausfall).<\/p>\n\n\n\n<p class=\"has-small-font-size\">VI. Erf\u00fcllungsort und Gerichtsstand<\/p>\n\n\n\n<p class=\"has-small-font-size\">1. Erf\u00fcllungsort und Gerichtsstand f\u00fcr alle sich ergebenden Verbindlichkeiten ist Hannover.<\/p>\n\n\n\n<p class=\"has-medium-font-size\"><strong>Haftungsausschluss<\/strong><\/p>\n\n\n\n<p class=\"has-small-font-size\">1. Inhalt des Onlineangebotes<\/p>\n\n\n\n<p class=\"has-small-font-size\">Der Autor selbst und die Informationszubringer sind stets bem\u00fcht, qualitativ hochwertige Informationen zur Verf\u00fcgung zu stellen. Trotzdem \u00fcbernimmt der Autor keinerlei Gew\u00e4hr f\u00fcr die Aktualit\u00e4t, Korrektheit, Vollst\u00e4ndigkeit oder Qualit\u00e4t der bereitgestellten Informationen. Haftungsanspr\u00fcche gegen den Autor, die sich auf Sch\u00e4den materieller oder ideeller Art beziehen, welche durch die Nutzung oder Nichtnutzung der dargebotenen Informationen bzw. durch die Nutzung fehlerhafter und unvollst\u00e4ndiger Informationen verursacht wurden sind grunds\u00e4tzlich ausgeschlossen, sofern seitens des Autors kein nachweislich vors\u00e4tzliches oder grob fahrl\u00e4ssiges Verschulden vorliegt. Alle Angebote sind freibleibend und unverbindlich. Der Autor beh\u00e4lt es sich ausdr\u00fccklich vor, Teile der Seiten oder das gesamte Angebot ohne gesonderte Ank\u00fcndigung zu ver\u00e4ndern, zu erg\u00e4nzen, zu l\u00f6schen oder die Ver\u00f6ffentlichung zeitweise oder endg\u00fcltig einzustellen.<\/p>\n\n\n\n<p class=\"has-small-font-size\">2. Verweise und Links<\/p>\n\n\n\n<p class=\"has-small-font-size\">Sofern auf Verweisziele (\u00bbLinks\u00ab) direkt oder indirekt verwiesen wird, die au\u00dferhalb des Verantwortungsbereiches des Autors liegen, haftet dieser nur dann, wenn er von den Inhalten Kenntnis hat und es ihm technisch m\u00f6glich und zumutbar w\u00e4re, die Nutzung im Falle rechtswidriger Inhalte zu verhindern. F\u00fcr dar\u00fcberhinausgehende Inhalte und insbesondere f\u00fcr Sch\u00e4den, die aus der Nutzung oder Nichtnutzung solcherart dargebotener Informationen entstehen, haftet allein der Anbieter dieser Seiten, nicht derjenige, der \u00fcber Links auf die jeweilige Ver\u00f6ffentlichung lediglich verweist. Diese Einschr\u00e4nkung gilt gleicherma\u00dfen auch f\u00fcr Fremdeintr\u00e4ge in vom Autor eingerichteten G\u00e4steb\u00fcchern, Diskussionsforen und Mailinglisten.<\/p>\n\n\n\n<p class=\"has-small-font-size\">3. Urheberrecht<\/p>\n\n\n\n<p class=\"has-small-font-size\">Der Autor ist bestrebt, in allen Publikationen die Urheberrechte der verwendeten Grafiken, Videos, Sounds und Texte zu beachten, von ihm selbst erstellte Grafiken, Videos, Sounds und Texte zu nutzen oder auf lizenzfreie Grafiken, Sounds und Texte zur\u00fcckzugreifen. Sollte sich auf den jeweiligen Seiten dennoch eine ungekennzeichnete, aber durch fremdes Copyright gesch\u00fctzte Grafik, ein Sound oder Text befinden, so konnte das Copyright vom Autor nicht festgestellt werden. Im Falle einer solchen unbeabsichtigten Copyrightverletzung wird der Autor das entsprechende Objekt nach Benachrichtigung aus seiner Publikation entfernen bzw. mit dem entsprechenden Copyright kenntlich machen.<\/p>\n\n\n\n<p class=\"has-small-font-size\">4. Rechtswirksamkeit dieses Haftungsausschlusses Dieser Haftungsausschluss ist als Teil des Internetangebotes zu betrachten, von dem aus auf diese Seite verwiesen wurde. Sofern Teile oder einzelne Formulierungen dieses Textes der geltenden Rechtslage nicht, nicht mehr oder nicht vollst\u00e4ndig entsprechen sollten, bleiben die \u00fcbrigen Teile des Dokumentes in ihrem Inhalt und ihrer G\u00fcltigkeit davon unber\u00fchrt.<\/p>\n","protected":false},"excerpt":{"rendered":"<p>Allgemeine Gesch\u00e4ftsbedingungen I. Allgemeines Unsere Lieferungen und die Vereinbarungen zwischen uns und dem Auftraggeber, die Ausf\u00fchrungen von Arbeiten an Elektro- und Haushaltsger\u00e4ten sowie ihren Teilen erfolgen nur zu den nachfolgenden AGB. Abweichende Vereinbarungen bed\u00fcrfen unserer ausdr\u00fccklichen Zustimmung. Durch \u00c4nderungen oder Unwirksamkeit einzelner Bedingungen wird die Wirksamkeit der \u00fcbrigen nicht ber\u00fchrt. II. Preise 1. Kostenvoranschl\u00e4ge sind&hellip;&nbsp;<a href=\"https:\/\/hgs-hannover.de\/?page_id=339\" class=\"\" rel=\"bookmark\">Weiterlesen &raquo;<span class=\"screen-reader-text\">Allgemeine Gesch\u00e4ftsbedingungen &amp; Haftungsausschluss<\/span><\/a><\/p>\n","protected":false},"author":1,"featured_media":0,"parent":0,"menu_order":0,"comment_status":"closed","ping_status":"closed","template":"","meta":{"neve_meta_sidebar":"","neve_meta_container":"","neve_meta_enable_content_width":"","neve_meta_content_width":0,"neve_meta_title_alignment":"","neve_meta_author_avatar":"","neve_post_elements_order":"","neve_meta_disable_header":"","neve_meta_disable_footer":"","neve_meta_disable_title":"","footnotes":""},"_links":{"self":[{"href":"https:\/\/hgs-hannover.de\/index.php?rest_route=\/wp\/v2\/pages\/339"}],"collection":[{"href":"https:\/\/hgs-hannover.de\/index.php?rest_route=\/wp\/v2\/pages"}],"about":[{"href":"https:\/\/hgs-hannover.de\/index.php?rest_route=\/wp\/v2\/types\/page"}],"author":[{"embeddable":true,"href":"https:\/\/hgs-hannover.de\/index.php?rest_route=\/wp\/v2\/users\/1"}],"replies":[{"embeddable":true,"href":"https:\/\/hgs-hannover.de\/index.php?rest_route=%2Fwp%2Fv2%2Fcomments&post=339"}],"version-history":[{"count":4,"href":"https:\/\/hgs-hannover.de\/index.php?rest_route=\/wp\/v2\/pages\/339\/revisions"}],"predecessor-version":[{"id":445,"href":"https:\/\/hgs-hannover.de\/index.php?rest_route=\/wp\/v2\/pages\/339\/revisions\/445"}],"wp:attachment":[{"href":"https:\/\/hgs-hannover.de\/index.php?rest_route=%2Fwp%2Fv2%2Fmedia&parent=339"}],"curies":[{"name":"wp","href":"https:\/\/api.w.org\/{rel}","templated":true}]}}