{"id":308,"date":"2023-01-23T19:01:06","date_gmt":"2023-01-23T19:01:06","guid":{"rendered":"https:\/\/hgs-hannover.de\/?page_id=308"},"modified":"2023-01-26T14:54:15","modified_gmt":"2023-01-26T14:54:15","slug":"service-partner","status":"publish","type":"page","link":"https:\/\/hgs-hannover.de\/?page_id=308","title":{"rendered":"Service-Partner"},"content":{"rendered":"\n<div class=\"wp-block-cover wp-duotone-unset-1\" style=\"min-height:329px\"><span aria-hidden=\"true\" class=\"wp-block-cover__background has-nv-light-bg-background-color has-background-dim-100 has-background-dim\"><\/span><div class=\"wp-block-cover__inner-container is-layout-flow wp-block-cover-is-layout-flow\">\n<p class=\"has-nv-dark-bg-color has-text-color has-medium-font-size\">Fachwissen und Kompetenz sind unsere St\u00e4rke<\/p>\n\n\n\n<p class=\"has-nv-dark-bg-color has-text-color\" style=\"font-size:16px\">Sie haben eine neue Waschmaschine oder einen neuen E-Herd? Haben aber niemanden der Ihnen das Ger\u00e4t anschlie\u00dft?&nbsp;<br>Dann sind Sie bei uns genau richtig, wir schlie\u00dfen &nbsp;Ihr Ger\u00e4t an und machen selbstverst\u00e4ndlich auch gleich eine Funktionspr\u00fcfung.&nbsp;<br>So k\u00f6nnen Sie sicher sein, dass Ihr Ger\u00e4t ordnungsgem\u00e4\u00df angeschlossen ist und einwandfrei funktioniert.<\/p>\n\n\n\n<div class=\"wp-block-cover\" style=\"min-height:90px\"><span aria-hidden=\"true\" class=\"wp-block-cover__background has-nv-site-bg-background-color has-background-dim-100 has-background-dim\"><\/span><div class=\"wp-block-cover__inner-container is-layout-flow wp-block-cover-is-layout-flow\">\n<p class=\"has-text-align-center has-nv-dark-bg-color has-text-color has-large-font-size\">Bester Preis&nbsp;      \u00b7&nbsp;      Immer erreichbar&nbsp;      \u00b7&nbsp;      Kurze Wartezeiten<\/p>\n<\/div><\/div>\n<\/div><\/div>\n\n\n\n<div class=\"wp-block-group is-layout-constrained wp-block-group-is-layout-constrained\"><div class=\"wp-block-group__inner-container\">\n<figure class=\"wp-block-image size-full is-style-default\"><img loading=\"lazy\" decoding=\"async\" width=\"200\" height=\"147\" src=\"https:\/\/hgs-hannover.de\/wp-content\/uploads\/2023\/01\/03.png\" alt=\"\" class=\"wp-image-415\"\/><figcaption class=\"wp-element-caption\">ELESCO EUROPA GmbH <br>Langer Acker 35 <br>30900 Wedemark<\/figcaption><\/figure>\n<\/div><\/div>\n\n\n\n<div class=\"wp-block-group is-layout-constrained wp-block-group-is-layout-constrained\"><div class=\"wp-block-group__inner-container\">\n<figure class=\"wp-block-image size-full\"><img loading=\"lazy\" decoding=\"async\" width=\"200\" height=\"73\" src=\"https:\/\/hgs-hannover.de\/wp-content\/uploads\/2023\/01\/02-1.png\" alt=\"\" class=\"wp-image-418\"\/><figcaption class=\"wp-element-caption\">Vangerow GmbH<br>Keltenstra\u00dfe 8<br>72765 Reutlingen<\/figcaption><\/figure>\n<\/div><\/div>\n\n\n\n<div class=\"wp-block-group is-layout-constrained wp-block-group-is-layout-constrained\"><div class=\"wp-block-group__inner-container\">\n<figure class=\"wp-block-image size-full\"><img loading=\"lazy\" decoding=\"async\" width=\"200\" height=\"73\" src=\"https:\/\/hgs-hannover.de\/wp-content\/uploads\/2023\/01\/01-1.png\" alt=\"\" class=\"wp-image-417\"\/><figcaption class=\"wp-element-caption\">WKF-Elektro Handels GmbH<br>Vahrenwalderstr. 50<br>30165 Hannover<\/figcaption><\/figure>\n<\/div><\/div>\n","protected":false},"excerpt":{"rendered":"","protected":false},"author":1,"featured_media":0,"parent":0,"menu_order":0,"comment_status":"closed","ping_status":"closed","template":"","meta":{"neve_meta_sidebar":"","neve_meta_container":"","neve_meta_enable_content_width":"","neve_meta_content_width":0,"neve_meta_title_alignment":"","neve_meta_author_avatar":"","neve_post_elements_order":"","neve_meta_disable_header":"","neve_meta_disable_footer":"","neve_meta_disable_title":"","footnotes":""},"_links":{"self":[{"href":"https:\/\/hgs-hannover.de\/index.php?rest_route=\/wp\/v2\/pages\/308"}],"collection":[{"href":"https:\/\/hgs-hannover.de\/index.php?rest_route=\/wp\/v2\/pages"}],"about":[{"href":"https:\/\/hgs-hannover.de\/index.php?rest_route=\/wp\/v2\/types\/page"}],"author":[{"embeddable":true,"href":"https:\/\/hgs-hannover.de\/index.php?rest_route=\/wp\/v2\/users\/1"}],"replies":[{"embeddable":true,"href":"https:\/\/hgs-hannover.de\/index.php?rest_route=%2Fwp%2Fv2%2Fcomments&post=308"}],"version-history":[{"count":23,"href":"https:\/\/hgs-hannover.de\/index.php?rest_route=\/wp\/v2\/pages\/308\/revisions"}],"predecessor-version":[{"id":462,"href":"https:\/\/hgs-hannover.de\/index.php?rest_route=\/wp\/v2\/pages\/308\/revisions\/462"}],"wp:attachment":[{"href":"https:\/\/hgs-hannover.de\/index.php?rest_route=%2Fwp%2Fv2%2Fmedia&parent=308"}],"curies":[{"name":"wp","href":"https:\/\/api.w.org\/{rel}","templated":true}]}}