{"id":305,"date":"2023-01-23T18:58:32","date_gmt":"2023-01-23T18:58:32","guid":{"rendered":"https:\/\/hgs-hannover.de\/?page_id=305"},"modified":"2023-01-25T18:24:05","modified_gmt":"2023-01-25T18:24:05","slug":"herzlich-willkommen-bei-hgs-hannover","status":"publish","type":"page","link":"https:\/\/hgs-hannover.de\/","title":{"rendered":"Herzlich Willkommen bei Hausger\u00e4te Service Hannover"},"content":{"rendered":"\n<p style=\"font-size:16px\">Probleme beim waschen, k\u00fchlen, kochen oder sp\u00fclen.<br>Dann sind Sie bei uns genau Richtig. Wir reparieren Ger\u00e4te aller Marken.<br>Schnelle und unkomplizierte Hilfe bei kleinen und gro\u00dfen Problemen mit Haushaltsger\u00e4ten.<\/p>\n\n\n\n<div class=\"wp-block-group is-layout-constrained wp-block-group-is-layout-constrained\"><div class=\"wp-block-group__inner-container\">\n<figure class=\"wp-block-image size-large is-resized\"><img loading=\"lazy\" decoding=\"async\" src=\"https:\/\/hgs-hannover.de\/wp-content\/uploads\/2018\/03\/trommel-1024x503.png\" alt=\"\" class=\"wp-image-204\" width=\"768\" height=\"377\" srcset=\"https:\/\/hgs-hannover.de\/wp-content\/uploads\/2018\/03\/trommel-1024x503.png 1024w, https:\/\/hgs-hannover.de\/wp-content\/uploads\/2018\/03\/trommel-300x148.png 300w, https:\/\/hgs-hannover.de\/wp-content\/uploads\/2018\/03\/trommel-768x378.png 768w, https:\/\/hgs-hannover.de\/wp-content\/uploads\/2018\/03\/trommel-260x128.png 260w, https:\/\/hgs-hannover.de\/wp-content\/uploads\/2018\/03\/trommel-50x25.png 50w, https:\/\/hgs-hannover.de\/wp-content\/uploads\/2018\/03\/trommel-150x75.png 150w, https:\/\/hgs-hannover.de\/wp-content\/uploads\/2018\/03\/trommel.png 1200w\" sizes=\"(max-width: 768px) 100vw, 768px\" \/><\/figure>\n<\/div><\/div>\n","protected":false},"excerpt":{"rendered":"<p>Probleme beim waschen, k\u00fchlen, kochen oder sp\u00fclen.Dann sind Sie bei uns genau Richtig. Wir reparieren Ger\u00e4te aller Marken.Schnelle und unkomplizierte Hilfe bei kleinen und gro\u00dfen Problemen mit Haushaltsger\u00e4ten.<\/p>\n","protected":false},"author":1,"featured_media":0,"parent":0,"menu_order":0,"comment_status":"closed","ping_status":"closed","template":"","meta":{"neve_meta_sidebar":"default","neve_meta_container":"","neve_meta_enable_content_width":"","neve_meta_content_width":70,"neve_meta_title_alignment":"left","neve_meta_author_avatar":"","neve_post_elements_order":"","neve_meta_disable_header":"","neve_meta_disable_footer":"","neve_meta_disable_title":"","footnotes":""},"_links":{"self":[{"href":"https:\/\/hgs-hannover.de\/index.php?rest_route=\/wp\/v2\/pages\/305"}],"collection":[{"href":"https:\/\/hgs-hannover.de\/index.php?rest_route=\/wp\/v2\/pages"}],"about":[{"href":"https:\/\/hgs-hannover.de\/index.php?rest_route=\/wp\/v2\/types\/page"}],"author":[{"embeddable":true,"href":"https:\/\/hgs-hannover.de\/index.php?rest_route=\/wp\/v2\/users\/1"}],"replies":[{"embeddable":true,"href":"https:\/\/hgs-hannover.de\/index.php?rest_route=%2Fwp%2Fv2%2Fcomments&post=305"}],"version-history":[{"count":10,"href":"https:\/\/hgs-hannover.de\/index.php?rest_route=\/wp\/v2\/pages\/305\/revisions"}],"predecessor-version":[{"id":456,"href":"https:\/\/hgs-hannover.de\/index.php?rest_route=\/wp\/v2\/pages\/305\/revisions\/456"}],"wp:attachment":[{"href":"https:\/\/hgs-hannover.de\/index.php?rest_route=%2Fwp%2Fv2%2Fmedia&parent=305"}],"curies":[{"name":"wp","href":"https:\/\/api.w.org\/{rel}","templated":true}]}}