{"id":302,"date":"2023-01-23T18:54:49","date_gmt":"2023-01-23T18:54:49","guid":{"rendered":"https:\/\/hgs-hannover.de\/?page_id=302"},"modified":"2024-02-19T19:25:41","modified_gmt":"2024-02-19T19:25:41","slug":"kontakt","status":"publish","type":"page","link":"https:\/\/hgs-hannover.de\/?page_id=302","title":{"rendered":"Kontakt"},"content":{"rendered":"\n<p style=\"font-size:16px\">Nehmen Sie mit uns Kontakt auf.<br>Wir freuen uns \u00fcber Ihr Interesse und unterbreiten Ihnen gerne ein unverbindliches Angebot. <br>F\u00fcllen Sie dazu einfach folgendes Formular aus und senden Sie uns Ihre Anfrage. <br><strong>Bitte&nbsp;hinterlassen Sie Ihre vollst\u00e4ndige Adresse und eine Telefonnummer f\u00fcr evtl. R\u00fcckfragen.<\/strong> <\/p>\n\n\n\n<p style=\"font-size:16px\">Adresse:<br>HGS Hannover<br>Lindenerweg 45<br>30453 Hannover<\/p>\n\n\n\n<p style=\"font-size:16px\">Inhaber: Holger Klingberg<br>USt-Nr.: DE247417570<\/p>\n\n\n\n<p style=\"font-size:16px\">Wir sind f\u00fcr Sie erreichbar<br>Montag bis Donnerstag von 8.00-17.00 Uhr<br>Freitag von 8.00-13.00 Uhr<\/p>\n\n\n\n<p style=\"font-size:16px\">Email: <a href=\"mailto:hgs-hannover@arcor.de\">hgs-hannover@arcor.de<\/a><br>Telefon: +49 511 2032065<br>Fax: +49 511 2032066<\/p>\n\n\n\n<div class=\"wp-block-cover\"><span aria-hidden=\"true\" class=\"wp-block-cover__background has-nv-light-bg-background-color has-background-dim-100 has-background-dim\"><\/span><div class=\"wp-block-cover__inner-container is-layout-flow wp-block-cover-is-layout-flow\">\n<p class=\"has-nv-dark-bg-color has-text-color\" style=\"font-size:16px\">Schreiben Sie uns eine Nachricht<br>\n<div class=\"wpcf7 no-js\" id=\"wpcf7-f31-o1\" lang=\"en-US\" dir=\"ltr\">\n<div class=\"screen-reader-response\"><p role=\"status\" aria-live=\"polite\" aria-atomic=\"true\"><\/p> <ul><\/ul><\/div>\n<form action=\"\/index.php?rest_route=%2Fwp%2Fv2%2Fpages%2F302#wpcf7-f31-o1\" method=\"post\" class=\"wpcf7-form init\" aria-label=\"Contact form\" enctype=\"multipart\/form-data\" novalidate=\"novalidate\" data-status=\"init\">\n<div style=\"display: none;\">\n<input type=\"hidden\" name=\"_wpcf7\" value=\"31\" \/>\n<input type=\"hidden\" name=\"_wpcf7_version\" value=\"5.8.7\" \/>\n<input type=\"hidden\" name=\"_wpcf7_locale\" value=\"en_US\" \/>\n<input type=\"hidden\" name=\"_wpcf7_unit_tag\" value=\"wpcf7-f31-o1\" \/>\n<input type=\"hidden\" name=\"_wpcf7_container_post\" value=\"0\" \/>\n<input type=\"hidden\" name=\"_wpcf7_posted_data_hash\" value=\"\" \/>\n<\/div>\n<div class=\"column one\" style=\"margin-bottom: 2px;\">\n\t<p><span class=\"wpcf7-form-control-wrap\" data-name=\"your-name\"><input size=\"40\" class=\"wpcf7-form-control wpcf7-text wpcf7-validates-as-required\" aria-required=\"true\" aria-invalid=\"false\" placeholder=\"Ihr Name\" value=\"\" type=\"text\" name=\"your-name\" \/><\/span>\n\t<\/p>\n<\/div>\n<div class=\"column one\" style=\"margin-bottom: 2px;\">\n\t<p><span class=\"wpcf7-form-control-wrap\" data-name=\"your-email\"><input size=\"40\" class=\"wpcf7-form-control wpcf7-email wpcf7-validates-as-required wpcf7-text wpcf7-validates-as-email\" aria-required=\"true\" aria-invalid=\"false\" placeholder=\"Ihre E-Mail\" value=\"\" type=\"email\" name=\"your-email\" \/><\/span>\n\t<\/p>\n<\/div>\n<p><span id=\"wpcf7-69e37b2fca927-wrapper\" class=\"wpcf7-form-control-wrap Webseite-wrap\" style=\"display:none !important; visibility:hidden !important;\"><label for=\"wpcf7-69e37b2fca927-field\" class=\"hp-message\">Please leave this field empty.<\/label><input id=\"wpcf7-69e37b2fca927-field\"  class=\"wpcf7-form-control wpcf7-text\" type=\"text\" name=\"Webseite\" value=\"\" size=\"40\" tabindex=\"-1\" autocomplete=\"new-password\" \/><\/span><br \/>\n<span id=\"wpcf7-69e37b2fca962-wrapper\" class=\"wpcf7-form-control-wrap Vorname-wrap\" style=\"display:none !important; visibility:hidden !important;\"><label for=\"wpcf7-69e37b2fca962-field\" class=\"hp-message\">Please leave this field empty.<\/label><input id=\"wpcf7-69e37b2fca962-field\"  class=\"wpcf7-form-control wpcf7-text\" type=\"text\" name=\"Vorname\" value=\"\" size=\"40\" tabindex=\"-1\" autocomplete=\"new-password\" \/><\/span>\n<\/p>\n<div class=\"column one\" style=\"margin-bottom: 2px;\">\n\t<p><span class=\"wpcf7-form-control-wrap\" data-name=\"your-message\"><textarea cols=\"40\" rows=\"3\" class=\"wpcf7-form-control wpcf7-textarea\" aria-invalid=\"false\" placeholder=\"Anfrage\" name=\"your-message\"><\/textarea><\/span>\n\t<\/p>\n<\/div>\n<p style=\"color:#000000\";>Laden Sie Dateien hoch (max. 8MB, nur jpg, jpeg, png, gif, pdf\n<\/p>\n<p style=\"color:#000000\";><span class=\"wpcf7-form-control-wrap\" data-name=\"file-516\"><input size=\"40\" class=\"wpcf7-form-control wpcf7-file bar\" id=\"foo\" accept=\".jpg,.jpeg,.png,.gif,.pdf\" aria-invalid=\"false\" type=\"file\" name=\"file-516\" \/><\/span>\n<\/p>\n<p style=\"color:#000000\";><span class=\"wpcf7-form-control-wrap\" data-name=\"file-352\"><input size=\"40\" class=\"wpcf7-form-control wpcf7-file bar\" id=\"foo2\" accept=\".jpg,.jpeg,.png,.gif,.pdf\" aria-invalid=\"false\" type=\"file\" name=\"file-352\" \/><\/span>\n<\/p>\n<div class=\"column one\" style=\"margin-bottom: 0px;\">\n\t<p><input class=\"wpcf7-form-control wpcf7-submit has-spinner\" type=\"submit\" value=\"Senden\" \/>\n\t<\/p>\n<\/div><div class=\"wpcf7-response-output\" aria-hidden=\"true\"><\/div>\n<\/form>\n<\/div>\n<\/p>\n<\/div><\/div>\n\n\n\n<p><br><\/p>\n","protected":false},"excerpt":{"rendered":"<p>Nehmen Sie mit uns Kontakt auf.Wir freuen uns \u00fcber Ihr Interesse und unterbreiten Ihnen gerne ein unverbindliches Angebot. F\u00fcllen Sie dazu einfach folgendes Formular aus und senden Sie uns Ihre Anfrage. Bitte&nbsp;hinterlassen Sie Ihre vollst\u00e4ndige Adresse und eine Telefonnummer f\u00fcr evtl. R\u00fcckfragen. Adresse:HGS HannoverLindenerweg 4530453 Hannover Inhaber: Holger KlingbergUSt-Nr.: DE247417570 Wir sind f\u00fcr Sie erreichbarMontag&hellip;&nbsp;<a href=\"https:\/\/hgs-hannover.de\/?page_id=302\" class=\"\" rel=\"bookmark\">Weiterlesen &raquo;<span class=\"screen-reader-text\">Kontakt<\/span><\/a><\/p>\n","protected":false},"author":1,"featured_media":0,"parent":0,"menu_order":0,"comment_status":"closed","ping_status":"closed","template":"","meta":{"neve_meta_sidebar":"","neve_meta_container":"","neve_meta_enable_content_width":"","neve_meta_content_width":0,"neve_meta_title_alignment":"","neve_meta_author_avatar":"","neve_post_elements_order":"","neve_meta_disable_header":"","neve_meta_disable_footer":"","neve_meta_disable_title":"","footnotes":""},"_links":{"self":[{"href":"https:\/\/hgs-hannover.de\/index.php?rest_route=\/wp\/v2\/pages\/302"}],"collection":[{"href":"https:\/\/hgs-hannover.de\/index.php?rest_route=\/wp\/v2\/pages"}],"about":[{"href":"https:\/\/hgs-hannover.de\/index.php?rest_route=\/wp\/v2\/types\/page"}],"author":[{"embeddable":true,"href":"https:\/\/hgs-hannover.de\/index.php?rest_route=\/wp\/v2\/users\/1"}],"replies":[{"embeddable":true,"href":"https:\/\/hgs-hannover.de\/index.php?rest_route=%2Fwp%2Fv2%2Fcomments&post=302"}],"version-history":[{"count":10,"href":"https:\/\/hgs-hannover.de\/index.php?rest_route=\/wp\/v2\/pages\/302\/revisions"}],"predecessor-version":[{"id":467,"href":"https:\/\/hgs-hannover.de\/index.php?rest_route=\/wp\/v2\/pages\/302\/revisions\/467"}],"wp:attachment":[{"href":"https:\/\/hgs-hannover.de\/index.php?rest_route=%2Fwp%2Fv2%2Fmedia&parent=302"}],"curies":[{"name":"wp","href":"https:\/\/api.w.org\/{rel}","templated":true}]}}